{"id":1598,"date":"2016-08-03T11:10:44","date_gmt":"2016-08-03T10:10:44","guid":{"rendered":"https:\/\/www.moncoyote.com\/blog\/?page_id=1598"},"modified":"2016-08-03T11:10:44","modified_gmt":"2016-08-03T10:10:44","slug":"conditions-generales-dutilisation-blog-coyote","status":"publish","type":"page","link":"https:\/\/www.moncoyote.com\/blog\/conditions-generales-dutilisation-blog-coyote\/","title":{"rendered":"Conditions Ge\u0301ne\u0301rales d&rsquo;Utilisation du Blog Coyote"},"content":{"rendered":"<p>Les pre\u0301sentes Conditions Ge\u0301ne\u0301rales d\u2019Utilisation ont pour objet de de\u0301finir les conditions d\u2019utilisation du Blog COYOTE par l\u2019Utilisateur. Le Blog est accessible a\u0300 l\u2019adresse suivante :<\/p>\n<blockquote class=\"wp-embedded-content\" data-secret=\"e4m8DEL19k\"><p><a href=\"https:\/\/www.moncoyote.com\/blog\/\">Actualit\u00e9s trafic et infos sur la s\u00e9curit\u00e9 routi\u00e8re<\/a><\/p><\/blockquote>\n<p><iframe loading=\"lazy\" class=\"wp-embedded-content\" sandbox=\"allow-scripts\" security=\"restricted\" style=\"position: absolute; visibility: hidden;\" title=\"\u00ab\u00a0Actualit\u00e9s trafic et infos sur la s\u00e9curit\u00e9 routi\u00e8re\u00a0\u00bb &#8212; Le Blog Coyote\" src=\"https:\/\/www.moncoyote.com\/blog\/embed\/#?secret=i2RMMDdsD7#?secret=e4m8DEL19k\" data-secret=\"e4m8DEL19k\" width=\"500\" height=\"282\" frameborder=\"0\" marginwidth=\"0\" marginheight=\"0\" scrolling=\"no\"><\/iframe><\/p>\n<p>COYOTE SYSTEM se re\u0301serve le droit de modifier les pre\u0301sentes Conditions Ge\u0301ne\u0301rales d\u2019Utilisation a\u0300 tout moment. Ces modifications sont opposables a\u0300 compter de leur mise en ligne. La derni\u00e8re version des Conditions Ge\u0301ne\u0301rales d\u2019Utilisation est disponible sur le Blog COYOTE.<\/p>\n<p>L\u2019Utilisateur du Blog s\u2019engage a\u0300 prendre connaissance des mentions le\u0301gales et a\u0300 respecter les Conditions Ge\u0301ne\u0301rales d\u2019Utilisation du Blog COYOTE.<\/p>\n<h3 style=\"color: #64e61e\">DEFINITIONS<\/h3>\n<p>\u00ab Blog \u00bb de\u0301signe le site internet https:\/\/www.moncoyote.com\/blog\/.<\/p>\n<p>\u00ab Utilisateur \u00bb de\u0301signe toute personne physique ou morale utilisatrice du Blog.<\/p>\n<h3 style=\"color: #64e61e\">ACCES AU BLOG<\/h3>\n<p>L\u2019acc\u00e8s au Blog est re\u0301serve\u0301 a\u0300 un usage strictement personnel.<\/p>\n<p>Le Blog pre\u0301sente l\u2019actualite\u0301 COYOTE a\u0300 travers diffe\u0301rentes rubriques (Innovations, Interviews, Chroniques etc.).<\/p>\n<p>Le Blog est normalement accessible 24 heures sur 24 et 7 jours sur 7.<\/p>\n<p>Cependant, COYOTE SYSTEM est en droit, a\u0300 tout moment, et sans pre\u0301avis, de suspendre, d&rsquo;interrompre ou de supprimer l&rsquo;acc\u00e8s a\u0300 tout ou partie du Blog, notamment pour probl\u00e8mes informatiques, difficulte\u0301s d&rsquo;ordre technique, maintenance ou tout cas de force majeure.<\/p>\n<p>COYOTE SYSTEM ne garantit pas que l&rsquo;information communique\u0301e sur le Blog sera a\u0300 tout moment exhaustive et a\u0300 jour.<\/p>\n<p>L&rsquo;information communique\u0301e sur ce Blog a uniquement pour but de fournir des renseignements d&rsquo;ordre ge\u0301ne\u0301ral. Aucune de ces informations ne peut avoir de valeur contractuelle.<\/p>\n<h3 style=\"color: #64e61e\">UTILISATION DU BLOG<\/h3>\n<p>L\u2019activite\u0301 de COYOTE SYSTEM e\u0301tant internationale, le Blog peut contenir des informations relatives a\u0300 des produits ou services qui ne sont pas disponibles dans le pays de l\u2019Utilisateur.<\/p>\n<p>L\u2019utilisation par l&rsquo;Utilisateur des informations contenues sur le Blog est de la seule responsabilite\u0301 de l&rsquo;Utilisateur.<\/p>\n<p>Le Blog permet a\u0300 l&rsquo;Utilisateur de commenter les articles publie\u0301s par COYOTE SYSTEM.<\/p>\n<p>L&rsquo;Utilisateur s&rsquo;engage a\u0300 ce que le contenu de ses commentaires ne porte pas atteinte aux droits des tiers, a\u0300 l&rsquo;ordre public et aux bonnes m\u0153urs.<\/p>\n<p>Par conse\u0301quent, l&rsquo;Utilisateur s&rsquo;engage a\u0300 ne pas publier de commentaires faisant l&rsquo;apologie des crimes contre l&rsquo;humanite\u0301, incitant a\u0300 la commission d&rsquo;actes de terrorisme ou faisant leur apologie, incitant a\u0300 la haine raciale, a\u0300 la haine a\u0300 l&rsquo;e\u0301gard des personnes a\u0300 raison de leur sexe, de leur orientation ou identite\u0301 sexuelle ou de leur handicap, incitant a\u0300 la violence et notamment aux violences faites aux femmes, atteignant la dignite\u0301 humaine, ainsi que de la pornographie enfantine ou tout contenu autrement re\u0301pre\u0301hensible.<\/p>\n<p>De la m\u00eame mani\u00e8re, l&rsquo;Utilisateur s&rsquo;engage a\u0300 ne pas publier de commentaires dont le contenu violerait tout droit de proprie\u0301te\u0301 intellectuelle d&rsquo;un tiers, ou ayant des fins promotionnelles et\/ou commerciales.<\/p>\n<p>COYOTE SYSTEM dispose de la faculte\u0301, a\u0300 sa seule discre\u0301tion, de supprimer imme\u0301diatement tout commentaire publie\u0301 par un Utilisateur qui apparaitrait illicite.<\/p>\n<p>L&rsquo;Utilisateur peut signaler tout commentaire qui apparaitrait illicite a\u0300 l&rsquo;adresse suivante :<\/p>\n<p><a href=\"https:\/\/www.moncoyote.com\/blog\/wp-admin\/post.php?post=1590&amp;action=edit\">camille@moncoyote.com<\/a><\/p>\n<p>L&rsquo;Utilisateur accepte que le contenu de ses commentaires soit accessible pour une dure\u0301e inde\u0301termine\u0301e.<\/p>\n<p>Conforme\u0301ment aux dispositions de l&rsquo;article 6 de la loi n\u00b02004-575 du 21 juin 2004 pour la confiance en l&rsquo;e\u0301conomie nume\u0301rique, COYOTE SYSTEM ne peut voir sa responsabilite\u0301 engage\u0301e du fait des contenus publie\u0301s par les Utilisateurs.<\/p>\n<p>L&rsquo;Utilisateur est seul responsable des commentaires qu&rsquo;il publie et s&rsquo;engage a\u0300 respecter les pre\u0301sentes Conditions Ge\u0301ne\u0301rales d&rsquo;Utilisation.<\/p>\n<p>En cas de mise en cause de COYOTE SYSTEM pour un quelconque manquement de l&rsquo;Utilisateur, COYOTE SYSTEM se re\u0301serve le droit d&rsquo;appeler l&rsquo;Utilisateur en garantie.<\/p>\n<h3 style=\"color: #64e61e\">PROTECTION DES DONNEES A CARACTERE PERSONNEL<\/h3>\n<p>COYOTE SYSTEM peut collecter des donne\u0301es a\u0300 caract\u00e8re personnel concernant l\u2019Utilisateur dans le cadre de l\u2019utilisation du Blog.<\/p>\n<p>Conforme\u0301ment aux dispositions de la loi n\u00b078-17 du 6 janvier 1978 dite &amp;quot;Informatique et Liberte\u0301s&amp;quot;, l&rsquo;Utilisateur dispose d&rsquo;un droit d&rsquo;acc\u00e8s, de modification, de rectification et de suppression des donne\u0301es personnelles le concernant qu&rsquo;il peut exercer sur demande e\u0301crite adresse\u0301e a\u0300 COYOTE SYSTEM &#8211; Informatique et Liberte\u0301s \u2013 24 quai Gallieni &#8211; 92150 SURESNES.<\/p>\n<p>COYOTE SYSTEM s\u2019engage a\u0300 pre\u0301server la confidentialite\u0301 des donne\u0301es a\u0300 caract\u00e8re personnel transmises par l\u2019Utilisateur dans le cadre de l\u2019utilisation du Blog.<\/p>\n<h3 style=\"color: #64e61e\">UTILISATION DES COOKIES<\/h3>\n<p>Lors de la consultation du Blog, des informations relatives a\u0300 la navigation sont susceptibles d&rsquo;\u00eatre enregistre\u0301es dans des fichiers appele\u0301s \u00ab\u00a0Cookies\u00a0\u00bb installe\u0301s sur le terminal de l\u2019Utilisateur (ordinateur, tablette, Smartphone, etc.).<\/p>\n<p>Ces cookies sont e\u0301mis par COYOTE SYSTEM ou par des partenaires tiers dans le but de faciliter la navigation de l\u2019Utilisateur sur le Blog. Ces cookies ont pour but de collecter et de stocker des informations relatives a\u0300 la navigation de l\u2019Utilisateur sur le Blog afin de lui adresser des services personnalise\u0301s.<\/p>\n<p>Comment accepter\/refuser l&rsquo;utilisation de cookies ?<\/p>\n<p>L\u2019Utilisateur peut accepter l&rsquo;utilisation des cookies ou choisir a\u0300 tout moment de les de\u0301sactiver. Le parame\u0301trage se fait ge\u0301ne\u0301ralement depuis son navigateur. Celui-ci peut \u00eatre parame\u0301tre\u0301 afin de signaler les cookies qui sont de\u0301pose\u0301s sur son terminal et demander de les accepter ou non. L\u2019Utilisateur peut accepter ou refuser les cookies au cas par cas selon l&rsquo;e\u0301metteur ou bien les refuser syste\u0301matiquement une fois pour toutes.<\/p>\n<p>Il est rappele\u0301 que le parame\u0301trage est susceptible de modifier les conditions d&rsquo;acc\u00e8s de l\u2019Utilisateur au Blog.<\/p>\n<h3 style=\"color: #64e61e\">DROIT DE PROPRIETE INTELLECTUELLE<\/h3>\n<p>La pre\u0301sentation et le contenu du pre\u0301sent Blog constituent, ensemble, une \u0153uvre prote\u0301ge\u0301e par les lois en vigueur sur la proprie\u0301te\u0301 intellectuelle, dont COYOTE SYSTEM est titulaire.<\/p>\n<p>Aucune reproduction et\/ou repre\u0301sentation, partielle ou inte\u0301grale, ne pourra en \u00eatre faite sans l&rsquo;accord pre\u0301alable et e\u0301crit de COYOTE SYSTEM.<\/p>\n<p>La de\u0301nomination COYOTE SYSTEM, le logo COYOTE, le nom ainsi que les slogans sont, sauf indications particuli\u00e8res, des marques de\u0301pose\u0301es par COYOTE SYSTEM. Toute utilisation, reproduction et \/ou modification qui en serait faite sans l&rsquo;accord e\u0301crit et pre\u0301alable de COYOTE SYSTEM serait susceptible d&rsquo;en constituer la contrefa\u00e7on.<\/p>\n<p>La structure ge\u0301ne\u0301rale du site, dessins, photographies, images, textes, se\u0301quences anime\u0301es sonores ou non et autres documentations repre\u0301sente\u0301es sur le pre\u0301sent site sont objets de droits de proprie\u0301te\u0301 industrielle et\/ou intellectuelle et sont, selon les cas, proprie\u0301te\u0301 de COYOTE SYSTEM ou de tiers ayant autorise\u0301 limitativement COYOTE SYSTEM a\u0300 les utiliser.<\/p>\n<p>A ce titre, toute reproduction, repre\u0301sentation, adaptation, traduction et \/ou modification, partielle ou inte\u0301grale, ou transfert vers un autre site sont interdits. Leur reproduction, partielle ou inte\u0301grale, sans l&rsquo;accord e\u0301crit et pre\u0301alable de COYOTE SYSTEM est strictement interdite, a\u0300 l&rsquo;exception de celle re\u0301alise\u0301e pour les besoins de la presse.<\/p>\n<p>Toute repre\u0301sentation et\/ou reproduction et\/ou exploitation partielle ou totale de ce Blog, par quelques proce\u0301de\u0301s que se soient, sans l\u2019autorisation expresse et pre\u0301alable de la socie\u0301te\u0301 COYOTE SYSTEM est interdite et constituerait une contrefa\u00e7on au sens des articles L 335-2 et suivants du Code de la proprie\u0301te\u0301 intellectuelle.<\/p>\n<p>Les marques de la socie\u0301te\u0301 COYOTE SYSTEM sont des marques de\u0301pose\u0301es (N\u00b0 de\u0301p\u00f4t 053373630 du 26 juillet 2005). Toute repre\u0301sentation et\/ou reproduction et\/ou exploitation partielle ou total de ces marques de\u0301pose\u0301es sont interdites.<\/p>\n<p>Le syst\u00e8me COYOTE est prote\u0301ge\u0301 par brevet d&rsquo;invention en France: N\u00b0 d&rsquo;enregistrement INPI: 06\/00589 du 23 janvier 2006.<\/p>\n<p>De la m\u00eame mani\u00e8re, l\u2019Utilisateur s\u2019engage a\u0300 ne pas diffuser, transmettre ou communiquer de contenu qui violerait tout droit de proprie\u0301te\u0301 intellectuelle d\u2019un tiers (droit d\u2019auteurs, droit des marques etc.).<\/p>\n<h3 style=\"color: #64e61e\">LIENS HYPERTEXTES<\/h3>\n<p>Toutes les re\u0301fe\u0301rences, liens pre\u0301sents sur le Blog en direction d\u2019autres sites ne sauraient engager la responsabilite\u0301 de la socie\u0301te\u0301 COYOTE SYSTEM. Aucun tiers ne pourra faire de lien hypertexte vers ce Blog, sans y avoir e\u0301te\u0301 pre\u0301alablement et par e\u0301crit, autorise\u0301 par COYOTE SYSTEM.<\/p>\n<p>COYOTE SYSTEM ne peut en aucun cas \u00eatre tenu responsable de la mise a\u0300 disposition des sites qui font l&rsquo;objet d&rsquo;un lien hypertexte a\u0300 partir du Blog.<\/p>\n<h3 style=\"color: #64e61e\">REGLEMENT DES DIFFERENTS ET LOI APPLICABLE<\/h3>\n<p>Le Blog est re\u0301gi par la loi fran\u00e7aise.<\/p>\n<p>Toute contestation relative a\u0300 ce Blog sera de la compe\u0301tence exclusive des Tribunaux de Paris.<\/p>\n","protected":false},"excerpt":{"rendered":"<p>Les pre\u0301sentes Conditions Ge\u0301ne\u0301rales d\u2019Utilisation ont pour objet de de\u0301finir les conditions d\u2019utilisation du Blog COYOTE par l\u2019Utilisateur. Le Blog [&hellip;]<\/p>\n","protected":false},"author":104,"featured_media":0,"parent":0,"menu_order":0,"comment_status":"open","ping_status":"closed","template":"","meta":{"_acf_changed":false,"footnotes":""},"class_list":["post-1598","page","type-page","status-publish","hentry"],"acf":[],"yoast_head":"<!-- This site is optimized with the Yoast SEO plugin v25.9 - https:\/\/yoast.com\/wordpress\/plugins\/seo\/ -->\n<title>Conditions Ge\u0301ne\u0301rales d&#039;Utilisation du Blog Coyote - Le Blog Coyote<\/title>\n<meta name=\"robots\" content=\"index, follow, max-snippet:-1, max-image-preview:large, max-video-preview:-1\" \/>\n<link rel=\"canonical\" href=\"https:\/\/www.moncoyote.com\/blog\/conditions-generales-dutilisation-blog-coyote\/\" \/>\n<meta property=\"og:locale\" content=\"fr_FR\" \/>\n<meta property=\"og:type\" content=\"article\" \/>\n<meta property=\"og:title\" content=\"Conditions Ge\u0301ne\u0301rales d&#039;Utilisation du Blog Coyote - Le Blog Coyote\" \/>\n<meta property=\"og:description\" content=\"Les pre\u0301sentes Conditions Ge\u0301ne\u0301rales d\u2019Utilisation ont pour objet de de\u0301finir les conditions d\u2019utilisation du Blog COYOTE par l\u2019Utilisateur. Le Blog [&hellip;]\" \/>\n<meta property=\"og:url\" content=\"https:\/\/www.moncoyote.com\/blog\/conditions-generales-dutilisation-blog-coyote\/\" \/>\n<meta property=\"og:site_name\" content=\"Le Blog Coyote\" \/>\n<meta property=\"article:publisher\" content=\"https:\/\/fr-fr.facebook.com\/CoyoteFrance\" \/>\n<meta name=\"twitter:card\" content=\"summary_large_image\" \/>\n<meta name=\"twitter:site\" content=\"@coyote_officiel\" \/>\n<meta name=\"twitter:label1\" content=\"Est. reading time\" \/>\n\t<meta name=\"twitter:data1\" content=\"7 minutes\" \/>\n<script type=\"application\/ld+json\" class=\"yoast-schema-graph\">{\"@context\":\"https:\/\/schema.org\",\"@graph\":[{\"@type\":\"WebPage\",\"@id\":\"https:\/\/www.moncoyote.com\/blog\/conditions-generales-dutilisation-blog-coyote\/\",\"url\":\"https:\/\/www.moncoyote.com\/blog\/conditions-generales-dutilisation-blog-coyote\/\",\"name\":\"Conditions Ge\u0301ne\u0301rales d'Utilisation du Blog Coyote - Le Blog Coyote\",\"isPartOf\":{\"@id\":\"https:\/\/www.moncoyote.com\/blog\/#website\"},\"datePublished\":\"2016-08-03T10:10:44+00:00\",\"breadcrumb\":{\"@id\":\"https:\/\/www.moncoyote.com\/blog\/conditions-generales-dutilisation-blog-coyote\/#breadcrumb\"},\"inLanguage\":\"fr-FR\",\"potentialAction\":[{\"@type\":\"ReadAction\",\"target\":[\"https:\/\/www.moncoyote.com\/blog\/conditions-generales-dutilisation-blog-coyote\/\"]}]},{\"@type\":\"BreadcrumbList\",\"@id\":\"https:\/\/www.moncoyote.com\/blog\/conditions-generales-dutilisation-blog-coyote\/#breadcrumb\",\"itemListElement\":[{\"@type\":\"ListItem\",\"position\":1,\"name\":\"Accueil\",\"item\":\"https:\/\/www.moncoyote.com\/blog\/\"},{\"@type\":\"ListItem\",\"position\":2,\"name\":\"Conditions Ge\u0301ne\u0301rales d&rsquo;Utilisation du Blog Coyote\"}]},{\"@type\":\"WebSite\",\"@id\":\"https:\/\/www.moncoyote.com\/blog\/#website\",\"url\":\"https:\/\/www.moncoyote.com\/blog\/\",\"name\":\"Le Blog Coyote\",\"description\":\"\",\"publisher\":{\"@id\":\"https:\/\/www.moncoyote.com\/blog\/#organization\"},\"potentialAction\":[{\"@type\":\"SearchAction\",\"target\":{\"@type\":\"EntryPoint\",\"urlTemplate\":\"https:\/\/www.moncoyote.com\/blog\/?s={search_term_string}\"},\"query-input\":{\"@type\":\"PropertyValueSpecification\",\"valueRequired\":true,\"valueName\":\"search_term_string\"}}],\"inLanguage\":\"fr-FR\"},{\"@type\":\"Organization\",\"@id\":\"https:\/\/www.moncoyote.com\/blog\/#organization\",\"name\":\"Coyote\",\"url\":\"https:\/\/www.moncoyote.com\/blog\/\",\"logo\":{\"@type\":\"ImageObject\",\"inLanguage\":\"fr-FR\",\"@id\":\"https:\/\/www.moncoyote.com\/blog\/#\/schema\/logo\/image\/\",\"url\":\"https:\/\/medias.coyotesystems.com\/wordpress\/sites\/16\/2024\/10\/Coyote_Logo_RVB_Logo_Fond_Clair.png\",\"contentUrl\":\"https:\/\/medias.coyotesystems.com\/wordpress\/sites\/16\/2024\/10\/Coyote_Logo_RVB_Logo_Fond_Clair.png\",\"width\":1382,\"height\":912,\"caption\":\"Coyote\"},\"image\":{\"@id\":\"https:\/\/www.moncoyote.com\/blog\/#\/schema\/logo\/image\/\"},\"sameAs\":[\"https:\/\/fr-fr.facebook.com\/CoyoteFrance\",\"https:\/\/x.com\/coyote_officiel\",\"https:\/\/www.instagram.com\/moncoyote\/\"]}]}<\/script>\n<!-- \/ Yoast SEO plugin. -->","yoast_head_json":{"title":"Conditions Ge\u0301ne\u0301rales d'Utilisation du Blog Coyote - Le Blog Coyote","robots":{"index":"index","follow":"follow","max-snippet":"max-snippet:-1","max-image-preview":"max-image-preview:large","max-video-preview":"max-video-preview:-1"},"canonical":"https:\/\/www.moncoyote.com\/blog\/conditions-generales-dutilisation-blog-coyote\/","og_locale":"fr_FR","og_type":"article","og_title":"Conditions Ge\u0301ne\u0301rales d'Utilisation du Blog Coyote - Le Blog Coyote","og_description":"Les pre\u0301sentes Conditions Ge\u0301ne\u0301rales d\u2019Utilisation ont pour objet de de\u0301finir les conditions d\u2019utilisation du Blog COYOTE par l\u2019Utilisateur. Le Blog [&hellip;]","og_url":"https:\/\/www.moncoyote.com\/blog\/conditions-generales-dutilisation-blog-coyote\/","og_site_name":"Le Blog Coyote","article_publisher":"https:\/\/fr-fr.facebook.com\/CoyoteFrance","twitter_card":"summary_large_image","twitter_site":"@coyote_officiel","twitter_misc":{"Est. reading time":"7 minutes"},"schema":{"@context":"https:\/\/schema.org","@graph":[{"@type":"WebPage","@id":"https:\/\/www.moncoyote.com\/blog\/conditions-generales-dutilisation-blog-coyote\/","url":"https:\/\/www.moncoyote.com\/blog\/conditions-generales-dutilisation-blog-coyote\/","name":"Conditions Ge\u0301ne\u0301rales d'Utilisation du Blog Coyote - Le Blog Coyote","isPartOf":{"@id":"https:\/\/www.moncoyote.com\/blog\/#website"},"datePublished":"2016-08-03T10:10:44+00:00","breadcrumb":{"@id":"https:\/\/www.moncoyote.com\/blog\/conditions-generales-dutilisation-blog-coyote\/#breadcrumb"},"inLanguage":"fr-FR","potentialAction":[{"@type":"ReadAction","target":["https:\/\/www.moncoyote.com\/blog\/conditions-generales-dutilisation-blog-coyote\/"]}]},{"@type":"BreadcrumbList","@id":"https:\/\/www.moncoyote.com\/blog\/conditions-generales-dutilisation-blog-coyote\/#breadcrumb","itemListElement":[{"@type":"ListItem","position":1,"name":"Accueil","item":"https:\/\/www.moncoyote.com\/blog\/"},{"@type":"ListItem","position":2,"name":"Conditions Ge\u0301ne\u0301rales d&rsquo;Utilisation du Blog Coyote"}]},{"@type":"WebSite","@id":"https:\/\/www.moncoyote.com\/blog\/#website","url":"https:\/\/www.moncoyote.com\/blog\/","name":"Le Blog Coyote","description":"","publisher":{"@id":"https:\/\/www.moncoyote.com\/blog\/#organization"},"potentialAction":[{"@type":"SearchAction","target":{"@type":"EntryPoint","urlTemplate":"https:\/\/www.moncoyote.com\/blog\/?s={search_term_string}"},"query-input":{"@type":"PropertyValueSpecification","valueRequired":true,"valueName":"search_term_string"}}],"inLanguage":"fr-FR"},{"@type":"Organization","@id":"https:\/\/www.moncoyote.com\/blog\/#organization","name":"Coyote","url":"https:\/\/www.moncoyote.com\/blog\/","logo":{"@type":"ImageObject","inLanguage":"fr-FR","@id":"https:\/\/www.moncoyote.com\/blog\/#\/schema\/logo\/image\/","url":"https:\/\/medias.coyotesystems.com\/wordpress\/sites\/16\/2024\/10\/Coyote_Logo_RVB_Logo_Fond_Clair.png","contentUrl":"https:\/\/medias.coyotesystems.com\/wordpress\/sites\/16\/2024\/10\/Coyote_Logo_RVB_Logo_Fond_Clair.png","width":1382,"height":912,"caption":"Coyote"},"image":{"@id":"https:\/\/www.moncoyote.com\/blog\/#\/schema\/logo\/image\/"},"sameAs":["https:\/\/fr-fr.facebook.com\/CoyoteFrance","https:\/\/x.com\/coyote_officiel","https:\/\/www.instagram.com\/moncoyote\/"]}]}},"_links":{"self":[{"href":"https:\/\/www.moncoyote.com\/blog\/wp-json\/wp\/v2\/pages\/1598","targetHints":{"allow":["GET"]}}],"collection":[{"href":"https:\/\/www.moncoyote.com\/blog\/wp-json\/wp\/v2\/pages"}],"about":[{"href":"https:\/\/www.moncoyote.com\/blog\/wp-json\/wp\/v2\/types\/page"}],"author":[{"embeddable":true,"href":"https:\/\/www.moncoyote.com\/blog\/wp-json\/wp\/v2\/users\/104"}],"replies":[{"embeddable":true,"href":"https:\/\/www.moncoyote.com\/blog\/wp-json\/wp\/v2\/comments?post=1598"}],"version-history":[{"count":0,"href":"https:\/\/www.moncoyote.com\/blog\/wp-json\/wp\/v2\/pages\/1598\/revisions"}],"wp:attachment":[{"href":"https:\/\/www.moncoyote.com\/blog\/wp-json\/wp\/v2\/media?parent=1598"}],"curies":[{"name":"wp","href":"https:\/\/api.w.org\/{rel}","templated":true}]}}