{"id":3067,"date":"2017-05-15T11:18:24","date_gmt":"2017-05-15T10:18:24","guid":{"rendered":"https:\/\/www.moncoyote.com\/blog\/?page_id=3067"},"modified":"2017-05-15T11:18:24","modified_gmt":"2017-05-15T10:18:24","slug":"contraventions-nouvelles-penalites-royaume-uni","status":"publish","type":"page","link":"https:\/\/www.moncoyote.com\/blog\/contraventions-nouvelles-penalites-royaume-uni\/","title":{"rendered":"Contraventions : nouvelles pe\u0301nalite\u0301s au Royaume-Uni"},"content":{"rendered":"<p style=\"text-align: justify\"><a href=\"https:\/\/medias.coyotesystems.com\/wordpress\/sites\/16\/2017\/05\/contravention.jpg\"><img loading=\"lazy\" decoding=\"async\" class=\" size-full wp-image-3083 alignright\" src=\"https:\/\/medias.coyotesystems.com\/wordpress\/sites\/16\/2017\/05\/contravention.jpg\" alt=\"contravention\" width=\"240\" height=\"223\" \/><\/a><\/p>\n<p style=\"text-align: justify\">Apr\u00e8s la Suisse ou encore la Finlande, c&rsquo;est au tour des Britanniques d&rsquo;offrir <strong>un nouveau syst\u00e8me de calcul des amendes pour exc\u00e8s de vitesse<\/strong>. En effet, a\u0300 compter d&rsquo;aujourd&rsquo;hui plus question de proposer un montant unique pour chaque tranche au-dessus de la limitation de vitesse. Les automobilistes en infraction seront de\u0301sormais<strong> verbalise\u0301s en fonction de leurs revenus mensuels<\/strong>.<\/p>\n<p style=\"text-align: justify\">Trois types de contraventions seront donc a\u0300 pre\u0301sent utilise\u0301s chez nos voisins d&rsquo;outre Manche. Les voici :<\/p>\n<h5 style=\"text-align: justify\"><span style=\"color: #64e600\">1. L&rsquo;amende de premi\u00e8re cate\u0301gorie\u00a0<\/span><\/h5>\n<p>Applique\u0301e pour les exc\u00e8s de vitesse compris entre <strong>50 et 64 km\/h<\/strong> dans une zone limite\u0301e a\u0300 48 km\/h, ou entre <strong>114 et 145 km\/h<\/strong> dans une zone limite\u0301e a\u0300 112 km\/h. Les Britanniques seront pe\u0301nalise\u0301s d&rsquo;une amende dont le montant sera compris entre <strong>25 et 75% de leur salaire hebdomadaire<\/strong>.<\/p>\n<h5 style=\"text-align: justify\"><span style=\"color: #64e600\">2. L&rsquo;amende de seconde\u00a0cate\u0301gorie<\/span><\/h5>\n<p style=\"text-align: justify\">Cette deuxi\u00e8me cate\u0301gorie concerne les exc\u00e8s de vitesse\u00a0entre <strong>65 et 80 km\/h<\/strong> dans une zone limite\u0301e a\u0300 48 km\/h ou entre <strong>148 et 160 km\/h<\/strong> dans une zone limite\u0301e a\u0300 112 km\/h. Cette fois, la contravention\u00a0co\u00fbtera\u00a0au conducteur entre <strong>75 et 125% de son salaire hebdomadaire<\/strong>.<\/p>\n<h5 style=\"text-align: justify\"><span style=\"color: #64e600\">3. L&rsquo;amende de troisi\u00e8me cate\u0301gorie<\/span><\/h5>\n<p style=\"text-align: justify\">Cette derni\u00e8re partie du bar\u00e8me concerne enfin les exc\u00e8s de vitesse supe\u0301rieurs a\u0300 <strong>80 km\/h<\/strong> dans une zone limite\u0301e a\u0300 48 km\/h, ou supe\u0301rieur a\u0300 <strong>161 km\/h<\/strong> dans une zone limite\u0301e a\u0300 112 km\/h. L&rsquo;amende pourra alors atteindre entre <strong>125 et 175%<\/strong> <strong>du salaire hebdomadaire<\/strong> du conducteur.<\/p>\n<p style=\"text-align: justify\">Enfin, sachez\u00a0que les grands exc\u00e8s de vitesse autoroutiers seront eux plafonne\u0301s a\u0300 2500 livres, soit un peu moins de 3000 euros.<\/p>\n<p style=\"text-align: left\"><span style=\"color: #ffb400\"><strong>SELON VOUS, EST-CE UNE BONNE IDE\u0301E DE LA PART DU NOUVEAU ROYAUME-UNI ?<\/strong><\/span> <a href=\"https:\/\/medias.coyotesystems.com\/wordpress\/sites\/16\/2017\/05\/2017-05-15.png\"><br \/>\n<\/a><\/p>\n<p><a href=\"https:\/\/medias.coyotesystems.com\/wordpress\/sites\/16\/2017\/05\/2017-05-15-2.png\"><img loading=\"lazy\" decoding=\"async\" class=\" wp-image-3098 size-full aligncenter\" src=\"https:\/\/medias.coyotesystems.com\/wordpress\/sites\/16\/2017\/05\/2017-05-15-2.png\" alt=\"2017-05-15 (2)\" width=\"730\" height=\"250\" srcset=\"https:\/\/medias.coyotesystems.com\/wordpress\/sites\/16\/2017\/05\/2017-05-15-2.png 730w, https:\/\/medias.coyotesystems.com\/wordpress\/sites\/16\/2017\/05\/2017-05-15-2-300x103.png 300w\" sizes=\"auto, (max-width: 730px) 100vw, 730px\" \/><\/a><\/p>\n<p>[totalpoll id=\u00a0\u00bb3074&Prime;]<\/p>\n<p><strong><span style=\"color: #ffb400\">SOUHAITERIEZ-VOUS QUE CE NOUVEAU BAR\u00c8ME\u00a0SOIT UTILISE\u0301 EN FRANCE ?\u00a0<\/span><\/strong><\/p>\n<p style=\"text-align: center\"><a href=\"https:\/\/medias.coyotesystems.com\/wordpress\/sites\/16\/2017\/05\/2017-05-17.jpg\"><img loading=\"lazy\" decoding=\"async\" class=\" wp-image-3103 size-full aligncenter\" src=\"https:\/\/medias.coyotesystems.com\/wordpress\/sites\/16\/2017\/05\/2017-05-17.jpg\" alt=\"2017-05-17\" width=\"730\" height=\"250\" srcset=\"https:\/\/medias.coyotesystems.com\/wordpress\/sites\/16\/2017\/05\/2017-05-17.jpg 730w, https:\/\/medias.coyotesystems.com\/wordpress\/sites\/16\/2017\/05\/2017-05-17-300x103.jpg 300w\" sizes=\"auto, (max-width: 730px) 100vw, 730px\" \/><\/a><\/p>\n<p style=\"text-align: left\">[totalpoll id=\u00a0\u00bb3078&Prime;]<\/p>\n<p style=\"text-align: left\">Et si vous souhaitez conna\u00eetre le de\u0301tail des sanctions encourues en cas d&rsquo;exc\u00e8s de vitesse ou d\u2019infraction en France, n&rsquo;he\u0301sitez pas a\u0300 consulter notre dossier spe\u0301cial <a href=\"https:\/\/www.moncoyote.com\/blog\/amendes-infractions\/\">Amendes &amp; infractions<\/a>.<\/p>\n","protected":false},"excerpt":{"rendered":"<p>Apr\u00e8s la Suisse ou encore la Finlande, c&rsquo;est au tour des Britanniques d&rsquo;offrir un nouveau syst\u00e8me de calcul des amendes [&hellip;]<\/p>\n","protected":false},"author":104,"featured_media":0,"parent":0,"menu_order":0,"comment_status":"open","ping_status":"closed","template":"","meta":{"_acf_changed":false,"footnotes":""},"class_list":["post-3067","page","type-page","status-publish","hentry"],"acf":[],"yoast_head":"<!-- This site is optimized with the Yoast SEO plugin v25.9 - https:\/\/yoast.com\/wordpress\/plugins\/seo\/ -->\n<title>Contraventions : nouvelles pe\u0301nalite\u0301s au Royaume-Uni - Le Blog Coyote<\/title>\n<meta name=\"robots\" content=\"index, follow, max-snippet:-1, max-image-preview:large, max-video-preview:-1\" \/>\n<link rel=\"canonical\" href=\"https:\/\/www.moncoyote.com\/blog\/contraventions-nouvelles-penalites-royaume-uni\/\" \/>\n<meta property=\"og:locale\" content=\"fr_FR\" \/>\n<meta property=\"og:type\" content=\"article\" \/>\n<meta property=\"og:title\" content=\"Contraventions : nouvelles pe\u0301nalite\u0301s au Royaume-Uni - Le Blog Coyote\" \/>\n<meta property=\"og:description\" content=\"Apr\u00e8s la Suisse ou encore la Finlande, c&rsquo;est au tour des Britanniques d&rsquo;offrir un nouveau syst\u00e8me de calcul des amendes [&hellip;]\" \/>\n<meta property=\"og:url\" content=\"https:\/\/www.moncoyote.com\/blog\/contraventions-nouvelles-penalites-royaume-uni\/\" \/>\n<meta property=\"og:site_name\" content=\"Le Blog Coyote\" \/>\n<meta property=\"article:publisher\" content=\"https:\/\/fr-fr.facebook.com\/CoyoteFrance\" \/>\n<meta property=\"og:image\" content=\"https:\/\/medias.coyotesystems.com\/wordpress\/sites\/16\/2017\/05\/contravention.jpg\" \/>\n<meta name=\"twitter:card\" content=\"summary_large_image\" \/>\n<meta name=\"twitter:site\" content=\"@coyote_officiel\" \/>\n<meta name=\"twitter:label1\" content=\"Est. reading time\" \/>\n\t<meta name=\"twitter:data1\" content=\"2 minutes\" \/>\n<script type=\"application\/ld+json\" class=\"yoast-schema-graph\">{\"@context\":\"https:\/\/schema.org\",\"@graph\":[{\"@type\":\"WebPage\",\"@id\":\"https:\/\/www.moncoyote.com\/blog\/contraventions-nouvelles-penalites-royaume-uni\/\",\"url\":\"https:\/\/www.moncoyote.com\/blog\/contraventions-nouvelles-penalites-royaume-uni\/\",\"name\":\"Contraventions : nouvelles pe\u0301nalite\u0301s au Royaume-Uni - Le Blog Coyote\",\"isPartOf\":{\"@id\":\"https:\/\/www.moncoyote.com\/blog\/#website\"},\"primaryImageOfPage\":{\"@id\":\"https:\/\/www.moncoyote.com\/blog\/contraventions-nouvelles-penalites-royaume-uni\/#primaryimage\"},\"image\":{\"@id\":\"https:\/\/www.moncoyote.com\/blog\/contraventions-nouvelles-penalites-royaume-uni\/#primaryimage\"},\"thumbnailUrl\":\"https:\/\/medias.coyotesystems.com\/wordpress\/sites\/16\/2017\/05\/contravention.jpg\",\"datePublished\":\"2017-05-15T10:18:24+00:00\",\"breadcrumb\":{\"@id\":\"https:\/\/www.moncoyote.com\/blog\/contraventions-nouvelles-penalites-royaume-uni\/#breadcrumb\"},\"inLanguage\":\"fr-FR\",\"potentialAction\":[{\"@type\":\"ReadAction\",\"target\":[\"https:\/\/www.moncoyote.com\/blog\/contraventions-nouvelles-penalites-royaume-uni\/\"]}]},{\"@type\":\"ImageObject\",\"inLanguage\":\"fr-FR\",\"@id\":\"https:\/\/www.moncoyote.com\/blog\/contraventions-nouvelles-penalites-royaume-uni\/#primaryimage\",\"url\":\"https:\/\/medias.coyotesystems.com\/wordpress\/sites\/16\/2017\/05\/contravention.jpg\",\"contentUrl\":\"https:\/\/medias.coyotesystems.com\/wordpress\/sites\/16\/2017\/05\/contravention.jpg\"},{\"@type\":\"BreadcrumbList\",\"@id\":\"https:\/\/www.moncoyote.com\/blog\/contraventions-nouvelles-penalites-royaume-uni\/#breadcrumb\",\"itemListElement\":[{\"@type\":\"ListItem\",\"position\":1,\"name\":\"Accueil\",\"item\":\"https:\/\/www.moncoyote.com\/blog\/\"},{\"@type\":\"ListItem\",\"position\":2,\"name\":\"Contraventions : nouvelles pe\u0301nalite\u0301s au Royaume-Uni\"}]},{\"@type\":\"WebSite\",\"@id\":\"https:\/\/www.moncoyote.com\/blog\/#website\",\"url\":\"https:\/\/www.moncoyote.com\/blog\/\",\"name\":\"Le Blog Coyote\",\"description\":\"\",\"publisher\":{\"@id\":\"https:\/\/www.moncoyote.com\/blog\/#organization\"},\"potentialAction\":[{\"@type\":\"SearchAction\",\"target\":{\"@type\":\"EntryPoint\",\"urlTemplate\":\"https:\/\/www.moncoyote.com\/blog\/?s={search_term_string}\"},\"query-input\":{\"@type\":\"PropertyValueSpecification\",\"valueRequired\":true,\"valueName\":\"search_term_string\"}}],\"inLanguage\":\"fr-FR\"},{\"@type\":\"Organization\",\"@id\":\"https:\/\/www.moncoyote.com\/blog\/#organization\",\"name\":\"Coyote\",\"url\":\"https:\/\/www.moncoyote.com\/blog\/\",\"logo\":{\"@type\":\"ImageObject\",\"inLanguage\":\"fr-FR\",\"@id\":\"https:\/\/www.moncoyote.com\/blog\/#\/schema\/logo\/image\/\",\"url\":\"https:\/\/medias.coyotesystems.com\/wordpress\/sites\/16\/2024\/10\/Coyote_Logo_RVB_Logo_Fond_Clair.png\",\"contentUrl\":\"https:\/\/medias.coyotesystems.com\/wordpress\/sites\/16\/2024\/10\/Coyote_Logo_RVB_Logo_Fond_Clair.png\",\"width\":1382,\"height\":912,\"caption\":\"Coyote\"},\"image\":{\"@id\":\"https:\/\/www.moncoyote.com\/blog\/#\/schema\/logo\/image\/\"},\"sameAs\":[\"https:\/\/fr-fr.facebook.com\/CoyoteFrance\",\"https:\/\/x.com\/coyote_officiel\",\"https:\/\/www.instagram.com\/moncoyote\/\"]}]}<\/script>\n<!-- \/ Yoast SEO plugin. -->","yoast_head_json":{"title":"Contraventions : nouvelles pe\u0301nalite\u0301s au Royaume-Uni - Le Blog Coyote","robots":{"index":"index","follow":"follow","max-snippet":"max-snippet:-1","max-image-preview":"max-image-preview:large","max-video-preview":"max-video-preview:-1"},"canonical":"https:\/\/www.moncoyote.com\/blog\/contraventions-nouvelles-penalites-royaume-uni\/","og_locale":"fr_FR","og_type":"article","og_title":"Contraventions : nouvelles pe\u0301nalite\u0301s au Royaume-Uni - Le Blog Coyote","og_description":"Apr\u00e8s la Suisse ou encore la Finlande, c&rsquo;est au tour des Britanniques d&rsquo;offrir un nouveau syst\u00e8me de calcul des amendes [&hellip;]","og_url":"https:\/\/www.moncoyote.com\/blog\/contraventions-nouvelles-penalites-royaume-uni\/","og_site_name":"Le Blog Coyote","article_publisher":"https:\/\/fr-fr.facebook.com\/CoyoteFrance","og_image":[{"url":"https:\/\/medias.coyotesystems.com\/wordpress\/sites\/16\/2017\/05\/contravention.jpg","type":"","width":"","height":""}],"twitter_card":"summary_large_image","twitter_site":"@coyote_officiel","twitter_misc":{"Est. reading time":"2 minutes"},"schema":{"@context":"https:\/\/schema.org","@graph":[{"@type":"WebPage","@id":"https:\/\/www.moncoyote.com\/blog\/contraventions-nouvelles-penalites-royaume-uni\/","url":"https:\/\/www.moncoyote.com\/blog\/contraventions-nouvelles-penalites-royaume-uni\/","name":"Contraventions : nouvelles pe\u0301nalite\u0301s au Royaume-Uni - Le Blog Coyote","isPartOf":{"@id":"https:\/\/www.moncoyote.com\/blog\/#website"},"primaryImageOfPage":{"@id":"https:\/\/www.moncoyote.com\/blog\/contraventions-nouvelles-penalites-royaume-uni\/#primaryimage"},"image":{"@id":"https:\/\/www.moncoyote.com\/blog\/contraventions-nouvelles-penalites-royaume-uni\/#primaryimage"},"thumbnailUrl":"https:\/\/medias.coyotesystems.com\/wordpress\/sites\/16\/2017\/05\/contravention.jpg","datePublished":"2017-05-15T10:18:24+00:00","breadcrumb":{"@id":"https:\/\/www.moncoyote.com\/blog\/contraventions-nouvelles-penalites-royaume-uni\/#breadcrumb"},"inLanguage":"fr-FR","potentialAction":[{"@type":"ReadAction","target":["https:\/\/www.moncoyote.com\/blog\/contraventions-nouvelles-penalites-royaume-uni\/"]}]},{"@type":"ImageObject","inLanguage":"fr-FR","@id":"https:\/\/www.moncoyote.com\/blog\/contraventions-nouvelles-penalites-royaume-uni\/#primaryimage","url":"https:\/\/medias.coyotesystems.com\/wordpress\/sites\/16\/2017\/05\/contravention.jpg","contentUrl":"https:\/\/medias.coyotesystems.com\/wordpress\/sites\/16\/2017\/05\/contravention.jpg"},{"@type":"BreadcrumbList","@id":"https:\/\/www.moncoyote.com\/blog\/contraventions-nouvelles-penalites-royaume-uni\/#breadcrumb","itemListElement":[{"@type":"ListItem","position":1,"name":"Accueil","item":"https:\/\/www.moncoyote.com\/blog\/"},{"@type":"ListItem","position":2,"name":"Contraventions : nouvelles pe\u0301nalite\u0301s au Royaume-Uni"}]},{"@type":"WebSite","@id":"https:\/\/www.moncoyote.com\/blog\/#website","url":"https:\/\/www.moncoyote.com\/blog\/","name":"Le Blog Coyote","description":"","publisher":{"@id":"https:\/\/www.moncoyote.com\/blog\/#organization"},"potentialAction":[{"@type":"SearchAction","target":{"@type":"EntryPoint","urlTemplate":"https:\/\/www.moncoyote.com\/blog\/?s={search_term_string}"},"query-input":{"@type":"PropertyValueSpecification","valueRequired":true,"valueName":"search_term_string"}}],"inLanguage":"fr-FR"},{"@type":"Organization","@id":"https:\/\/www.moncoyote.com\/blog\/#organization","name":"Coyote","url":"https:\/\/www.moncoyote.com\/blog\/","logo":{"@type":"ImageObject","inLanguage":"fr-FR","@id":"https:\/\/www.moncoyote.com\/blog\/#\/schema\/logo\/image\/","url":"https:\/\/medias.coyotesystems.com\/wordpress\/sites\/16\/2024\/10\/Coyote_Logo_RVB_Logo_Fond_Clair.png","contentUrl":"https:\/\/medias.coyotesystems.com\/wordpress\/sites\/16\/2024\/10\/Coyote_Logo_RVB_Logo_Fond_Clair.png","width":1382,"height":912,"caption":"Coyote"},"image":{"@id":"https:\/\/www.moncoyote.com\/blog\/#\/schema\/logo\/image\/"},"sameAs":["https:\/\/fr-fr.facebook.com\/CoyoteFrance","https:\/\/x.com\/coyote_officiel","https:\/\/www.instagram.com\/moncoyote\/"]}]}},"_links":{"self":[{"href":"https:\/\/www.moncoyote.com\/blog\/wp-json\/wp\/v2\/pages\/3067","targetHints":{"allow":["GET"]}}],"collection":[{"href":"https:\/\/www.moncoyote.com\/blog\/wp-json\/wp\/v2\/pages"}],"about":[{"href":"https:\/\/www.moncoyote.com\/blog\/wp-json\/wp\/v2\/types\/page"}],"author":[{"embeddable":true,"href":"https:\/\/www.moncoyote.com\/blog\/wp-json\/wp\/v2\/users\/104"}],"replies":[{"embeddable":true,"href":"https:\/\/www.moncoyote.com\/blog\/wp-json\/wp\/v2\/comments?post=3067"}],"version-history":[{"count":0,"href":"https:\/\/www.moncoyote.com\/blog\/wp-json\/wp\/v2\/pages\/3067\/revisions"}],"wp:attachment":[{"href":"https:\/\/www.moncoyote.com\/blog\/wp-json\/wp\/v2\/media?parent=3067"}],"curies":[{"name":"wp","href":"https:\/\/api.w.org\/{rel}","templated":true}]}}