{"id":3728,"date":"2017-08-23T14:35:04","date_gmt":"2017-08-23T13:35:04","guid":{"rendered":"http:\/\/td_uid_1_599d848866a16"},"modified":"2025-09-01T09:27:30","modified_gmt":"2025-09-01T07:27:30","slug":"home","status":"publish","type":"page","link":"https:\/\/www.moncoyote.com\/blog\/","title":{"rendered":"Actualit\u00e9s trafic et infos sur la s\u00e9curit\u00e9 routi\u00e8re"},"content":{"rendered":"<p>Actualit\u00e9s Coyote, s\u00e9curit\u00e9 routi\u00e8re, radars, automobile\u2026 Toute l\u2019actualit\u00e9 de la route dans Le Blog Coyote !<\/p>\n","protected":false},"excerpt":{"rendered":"<p>Actualit\u00e9s Coyote, s\u00e9curit\u00e9 routi\u00e8re, radars, automobile\u2026 Toute l\u2019actualit\u00e9 de la route dans Le Blog Coyote !<\/p>\n","protected":false},"author":126,"featured_media":13587,"parent":0,"menu_order":0,"comment_status":"open","ping_status":"closed","template":"page-accueil.php","meta":{"_acf_changed":false,"footnotes":""},"class_list":["post-3728","page","type-page","status-publish","has-post-thumbnail","hentry"],"acf":[],"yoast_head":"<!-- This site is optimized with the Yoast SEO plugin v25.9 - https:\/\/yoast.com\/wordpress\/plugins\/seo\/ -->\n<title>Le Blog Coyote - Actus trafic et Infos sur la se\u0301curite\u0301 routi\u00e8re, radars,...<\/title>\n<meta name=\"description\" content=\"Actualite\u0301s Coyote, se\u0301curite\u0301 routi\u00e8re, radars, automobile... Toute l&#039;actualite\u0301 de la route dans Le Blog Coyote !\" \/>\n<meta name=\"robots\" content=\"index, follow, max-snippet:-1, max-image-preview:large, max-video-preview:-1\" \/>\n<link rel=\"canonical\" href=\"https:\/\/www.moncoyote.com\/blog\/\" \/>\n<meta property=\"og:locale\" content=\"fr_FR\" \/>\n<meta property=\"og:type\" content=\"article\" \/>\n<meta property=\"og:title\" content=\"Le Blog Coyote - Actus trafic et Infos sur la se\u0301curite\u0301 routi\u00e8re, radars,...\" \/>\n<meta property=\"og:description\" content=\"Actualite\u0301s Coyote, se\u0301curite\u0301 routi\u00e8re, radars, automobile... Toute l&#039;actualite\u0301 de la route dans Le Blog Coyote !\" \/>\n<meta property=\"og:url\" content=\"https:\/\/www.moncoyote.com\/blog\/\" \/>\n<meta property=\"og:site_name\" content=\"Le Blog Coyote\" \/>\n<meta property=\"article:publisher\" content=\"https:\/\/fr-fr.facebook.com\/CoyoteFrance\" \/>\n<meta property=\"article:modified_time\" content=\"2025-09-01T07:27:30+00:00\" \/>\n<meta property=\"og:image\" content=\"https:\/\/medias.coyotesystems.com\/wordpress\/sites\/16\/2024\/03\/spring_coyote_blog-min.png\" \/>\n\t<meta property=\"og:image:width\" content=\"1762\" \/>\n\t<meta property=\"og:image:height\" content=\"773\" \/>\n\t<meta property=\"og:image:type\" content=\"image\/png\" \/>\n<meta name=\"twitter:card\" content=\"summary_large_image\" \/>\n<meta name=\"twitter:site\" content=\"@coyote_officiel\" \/>\n<meta name=\"twitter:label1\" content=\"Est. reading time\" \/>\n\t<meta name=\"twitter:data1\" content=\"1 minute\" \/>\n<script type=\"application\/ld+json\" class=\"yoast-schema-graph\">{\"@context\":\"https:\/\/schema.org\",\"@graph\":[{\"@type\":\"WebPage\",\"@id\":\"https:\/\/www.moncoyote.com\/blog\/\",\"url\":\"https:\/\/www.moncoyote.com\/blog\/\",\"name\":\"Le Blog Coyote - Actus trafic et Infos sur la se\u0301curite\u0301 routi\u00e8re, radars,...\",\"isPartOf\":{\"@id\":\"https:\/\/www.moncoyote.com\/blog\/#website\"},\"primaryImageOfPage\":{\"@id\":\"https:\/\/www.moncoyote.com\/blog\/#primaryimage\"},\"image\":{\"@id\":\"https:\/\/www.moncoyote.com\/blog\/#primaryimage\"},\"thumbnailUrl\":\"https:\/\/medias.coyotesystems.com\/wordpress\/sites\/16\/2024\/03\/spring_coyote_blog-min.png\",\"datePublished\":\"2017-08-23T13:35:04+00:00\",\"dateModified\":\"2025-09-01T07:27:30+00:00\",\"description\":\"Actualite\u0301s Coyote, se\u0301curite\u0301 routi\u00e8re, radars, automobile... Toute l'actualite\u0301 de la route dans Le Blog Coyote !\",\"breadcrumb\":{\"@id\":\"https:\/\/www.moncoyote.com\/blog\/#breadcrumb\"},\"inLanguage\":\"fr-FR\",\"potentialAction\":[{\"@type\":\"ReadAction\",\"target\":[\"https:\/\/www.moncoyote.com\/blog\/\"]}]},{\"@type\":\"ImageObject\",\"inLanguage\":\"fr-FR\",\"@id\":\"https:\/\/www.moncoyote.com\/blog\/#primaryimage\",\"url\":\"https:\/\/medias.coyotesystems.com\/wordpress\/sites\/16\/2024\/03\/spring_coyote_blog-min.png\",\"contentUrl\":\"https:\/\/medias.coyotesystems.com\/wordpress\/sites\/16\/2024\/03\/spring_coyote_blog-min.png\",\"width\":1762,\"height\":773,\"caption\":\"route printemps\"},{\"@type\":\"BreadcrumbList\",\"@id\":\"https:\/\/www.moncoyote.com\/blog\/#breadcrumb\",\"itemListElement\":[{\"@type\":\"ListItem\",\"position\":1,\"name\":\"Accueil\",\"item\":\"https:\/\/www.moncoyote.com\/blog\/\"},{\"@type\":\"ListItem\",\"position\":2,\"name\":\"Actualit\u00e9s trafic et infos sur la s\u00e9curit\u00e9 routi\u00e8re\"}]},{\"@type\":\"WebSite\",\"@id\":\"https:\/\/www.moncoyote.com\/blog\/#website\",\"url\":\"https:\/\/www.moncoyote.com\/blog\/\",\"name\":\"Le Blog Coyote\",\"description\":\"\",\"publisher\":{\"@id\":\"https:\/\/www.moncoyote.com\/blog\/#organization\"},\"potentialAction\":[{\"@type\":\"SearchAction\",\"target\":{\"@type\":\"EntryPoint\",\"urlTemplate\":\"https:\/\/www.moncoyote.com\/blog\/?s={search_term_string}\"},\"query-input\":{\"@type\":\"PropertyValueSpecification\",\"valueRequired\":true,\"valueName\":\"search_term_string\"}}],\"inLanguage\":\"fr-FR\"},{\"@type\":\"Organization\",\"@id\":\"https:\/\/www.moncoyote.com\/blog\/#organization\",\"name\":\"Coyote\",\"url\":\"https:\/\/www.moncoyote.com\/blog\/\",\"logo\":{\"@type\":\"ImageObject\",\"inLanguage\":\"fr-FR\",\"@id\":\"https:\/\/www.moncoyote.com\/blog\/#\/schema\/logo\/image\/\",\"url\":\"https:\/\/medias.coyotesystems.com\/wordpress\/sites\/16\/2024\/10\/Coyote_Logo_RVB_Logo_Fond_Clair.png\",\"contentUrl\":\"https:\/\/medias.coyotesystems.com\/wordpress\/sites\/16\/2024\/10\/Coyote_Logo_RVB_Logo_Fond_Clair.png\",\"width\":1382,\"height\":912,\"caption\":\"Coyote\"},\"image\":{\"@id\":\"https:\/\/www.moncoyote.com\/blog\/#\/schema\/logo\/image\/\"},\"sameAs\":[\"https:\/\/fr-fr.facebook.com\/CoyoteFrance\",\"https:\/\/x.com\/coyote_officiel\",\"https:\/\/www.instagram.com\/moncoyote\/\"]}]}<\/script>\n<!-- \/ Yoast SEO plugin. -->","yoast_head_json":{"title":"Le Blog Coyote - Actus trafic et Infos sur la se\u0301curite\u0301 routi\u00e8re, radars,...","description":"Actualite\u0301s Coyote, se\u0301curite\u0301 routi\u00e8re, radars, automobile... Toute l'actualite\u0301 de la route dans Le Blog Coyote !","robots":{"index":"index","follow":"follow","max-snippet":"max-snippet:-1","max-image-preview":"max-image-preview:large","max-video-preview":"max-video-preview:-1"},"canonical":"https:\/\/www.moncoyote.com\/blog\/","og_locale":"fr_FR","og_type":"article","og_title":"Le Blog Coyote - Actus trafic et Infos sur la se\u0301curite\u0301 routi\u00e8re, radars,...","og_description":"Actualite\u0301s Coyote, se\u0301curite\u0301 routi\u00e8re, radars, automobile... Toute l'actualite\u0301 de la route dans Le Blog Coyote !","og_url":"https:\/\/www.moncoyote.com\/blog\/","og_site_name":"Le Blog Coyote","article_publisher":"https:\/\/fr-fr.facebook.com\/CoyoteFrance","article_modified_time":"2025-09-01T07:27:30+00:00","og_image":[{"width":1762,"height":773,"url":"https:\/\/medias.coyotesystems.com\/wordpress\/sites\/16\/2024\/03\/spring_coyote_blog-min.png","type":"image\/png"}],"twitter_card":"summary_large_image","twitter_site":"@coyote_officiel","twitter_misc":{"Est. reading time":"1 minute"},"schema":{"@context":"https:\/\/schema.org","@graph":[{"@type":"WebPage","@id":"https:\/\/www.moncoyote.com\/blog\/","url":"https:\/\/www.moncoyote.com\/blog\/","name":"Le Blog Coyote - Actus trafic et Infos sur la se\u0301curite\u0301 routi\u00e8re, radars,...","isPartOf":{"@id":"https:\/\/www.moncoyote.com\/blog\/#website"},"primaryImageOfPage":{"@id":"https:\/\/www.moncoyote.com\/blog\/#primaryimage"},"image":{"@id":"https:\/\/www.moncoyote.com\/blog\/#primaryimage"},"thumbnailUrl":"https:\/\/medias.coyotesystems.com\/wordpress\/sites\/16\/2024\/03\/spring_coyote_blog-min.png","datePublished":"2017-08-23T13:35:04+00:00","dateModified":"2025-09-01T07:27:30+00:00","description":"Actualite\u0301s Coyote, se\u0301curite\u0301 routi\u00e8re, radars, automobile... Toute l'actualite\u0301 de la route dans Le Blog Coyote !","breadcrumb":{"@id":"https:\/\/www.moncoyote.com\/blog\/#breadcrumb"},"inLanguage":"fr-FR","potentialAction":[{"@type":"ReadAction","target":["https:\/\/www.moncoyote.com\/blog\/"]}]},{"@type":"ImageObject","inLanguage":"fr-FR","@id":"https:\/\/www.moncoyote.com\/blog\/#primaryimage","url":"https:\/\/medias.coyotesystems.com\/wordpress\/sites\/16\/2024\/03\/spring_coyote_blog-min.png","contentUrl":"https:\/\/medias.coyotesystems.com\/wordpress\/sites\/16\/2024\/03\/spring_coyote_blog-min.png","width":1762,"height":773,"caption":"route printemps"},{"@type":"BreadcrumbList","@id":"https:\/\/www.moncoyote.com\/blog\/#breadcrumb","itemListElement":[{"@type":"ListItem","position":1,"name":"Accueil","item":"https:\/\/www.moncoyote.com\/blog\/"},{"@type":"ListItem","position":2,"name":"Actualit\u00e9s trafic et infos sur la s\u00e9curit\u00e9 routi\u00e8re"}]},{"@type":"WebSite","@id":"https:\/\/www.moncoyote.com\/blog\/#website","url":"https:\/\/www.moncoyote.com\/blog\/","name":"Le Blog Coyote","description":"","publisher":{"@id":"https:\/\/www.moncoyote.com\/blog\/#organization"},"potentialAction":[{"@type":"SearchAction","target":{"@type":"EntryPoint","urlTemplate":"https:\/\/www.moncoyote.com\/blog\/?s={search_term_string}"},"query-input":{"@type":"PropertyValueSpecification","valueRequired":true,"valueName":"search_term_string"}}],"inLanguage":"fr-FR"},{"@type":"Organization","@id":"https:\/\/www.moncoyote.com\/blog\/#organization","name":"Coyote","url":"https:\/\/www.moncoyote.com\/blog\/","logo":{"@type":"ImageObject","inLanguage":"fr-FR","@id":"https:\/\/www.moncoyote.com\/blog\/#\/schema\/logo\/image\/","url":"https:\/\/medias.coyotesystems.com\/wordpress\/sites\/16\/2024\/10\/Coyote_Logo_RVB_Logo_Fond_Clair.png","contentUrl":"https:\/\/medias.coyotesystems.com\/wordpress\/sites\/16\/2024\/10\/Coyote_Logo_RVB_Logo_Fond_Clair.png","width":1382,"height":912,"caption":"Coyote"},"image":{"@id":"https:\/\/www.moncoyote.com\/blog\/#\/schema\/logo\/image\/"},"sameAs":["https:\/\/fr-fr.facebook.com\/CoyoteFrance","https:\/\/x.com\/coyote_officiel","https:\/\/www.instagram.com\/moncoyote\/"]}]}},"_links":{"self":[{"href":"https:\/\/www.moncoyote.com\/blog\/wp-json\/wp\/v2\/pages\/3728","targetHints":{"allow":["GET"]}}],"collection":[{"href":"https:\/\/www.moncoyote.com\/blog\/wp-json\/wp\/v2\/pages"}],"about":[{"href":"https:\/\/www.moncoyote.com\/blog\/wp-json\/wp\/v2\/types\/page"}],"author":[{"embeddable":true,"href":"https:\/\/www.moncoyote.com\/blog\/wp-json\/wp\/v2\/users\/126"}],"replies":[{"embeddable":true,"href":"https:\/\/www.moncoyote.com\/blog\/wp-json\/wp\/v2\/comments?post=3728"}],"version-history":[{"count":4,"href":"https:\/\/www.moncoyote.com\/blog\/wp-json\/wp\/v2\/pages\/3728\/revisions"}],"predecessor-version":[{"id":12918,"href":"https:\/\/www.moncoyote.com\/blog\/wp-json\/wp\/v2\/pages\/3728\/revisions\/12918"}],"wp:featuredmedia":[{"embeddable":true,"href":"https:\/\/www.moncoyote.com\/blog\/wp-json\/wp\/v2\/media\/13587"}],"wp:attachment":[{"href":"https:\/\/www.moncoyote.com\/blog\/wp-json\/wp\/v2\/media?parent=3728"}],"curies":[{"name":"wp","href":"https:\/\/api.w.org\/{rel}","templated":true}]}}